{"id":161126,"date":"2025-10-29T11:09:10","date_gmt":"2025-10-29T10:09:10","guid":{"rendered":"https:\/\/www.mube.fr\/menciones-legales\/"},"modified":"2025-10-29T13:04:59","modified_gmt":"2025-10-29T12:04:59","slug":"menciones-legales","status":"publish","type":"page","link":"https:\/\/www.mube.fr\/es\/menciones-legales\/","title":{"rendered":"Menciones legales"},"content":{"rendered":"<div class=\"wpb-content-wrapper\"><p>[vc_row][vc_column width=&#8221;1\/1&#8243;][vc_column_text uncode_shortcode_id=&#8221;487826&#8243;]<\/p>\n<h1>Aviso Legal<\/h1>\n<p><em>En vigor desde el 29-10-2025<\/em><\/p>\n<p>De conformidad con las disposiciones de la ley n.\u00ba 2004-575 de 21 de junio de 2004 sobre la Confianza en la econom\u00eda digital, se informa a los usuarios y visitantes, en adelante el &#8220;Usuario&#8221;, del sitio <a href=\"http:\/\/www.mube.fr\">www.mube.fr<\/a>, en adelante el &#8220;Sitio&#8221;, del presente aviso legal.<\/p>\n<p>La conexi\u00f3n y navegaci\u00f3n en el Sitio por parte del Usuario implica la aceptaci\u00f3n total y sin reservas del presente aviso legal.<\/p>\n<p>Este \u00faltimo est\u00e1 disponible en el Sitio en la secci\u00f3n &#8220;<a href=\"https:\/\/www.mube.fr\/es\/menciones-legales\/\">Aviso legal<\/a>&#8220;.<\/p>\n<h2>EDICI\u00d3N DEL SITIO<\/h2>\n<p>La edici\u00f3n del Sitio est\u00e1 a cargo de la sociedad Mube, SAS con un capital de 100.000 euros, inscrita en el Registro Mercantil de Par\u00eds con el n\u00famero 914596366, con domicilio social en 55 RUE LA BOETIE, 75008 PAR\u00cdS,<br \/>\n&gt; N\u00famero de tel\u00e9fono: 330184390082<br \/>\n&gt; Direcci\u00f3n de correo electr\u00f3nico: <a href=\"mailto:contact@mube.fr\" target=\"_blank\" rel=\"noopener\">contact@mube.fr<\/a>.<br \/>\n&gt; N.\u00ba de IVA intracomunitario: FR65914596366<br \/>\n&gt; Directores de la publicaci\u00f3n: Fr\u00e9d\u00e9ric de Mont Serrat y Romain Bourdais<\/p>\n<p>en adelante el &#8220;Editor&#8221;.<\/p>\n<h2>ALOJAMIENTO<\/h2>\n<p>El alojamiento del Sitio est\u00e1 proporcionado por la empresa <a href=\"https:\/\/www.o2switch.fr\/\" target=\"_blank\" rel=\"noopener\">O2Switch<\/a>, con domicilio social en 222-224 Boulevard Gustave Flaubert 63000 Clermont-Ferrand.<\/p>\n<h2>ACCESO AL SITIO<\/h2>\n<p>El Sitio es normalmente accesible para el Usuario en cualquier momento. Sin embargo, el Editor podr\u00e1, en cualquier momento, suspender, limitar o interrumpir el Sitio para realizar, en particular, actualizaciones o modificaciones de su contenido. El Editor no podr\u00e1 ser considerado responsable en ning\u00fan caso de las posibles consecuencias de esta indisponibilidad en las actividades del Usuario.  <\/p>\n<p>en adelante el &#8220;Editor&#8221;.<\/p>\n<h2>CREACI\u00d3N WEB<\/h2>\n<p>El dise\u00f1o web y la integraci\u00f3n del Sitio han sido realizados por la empresa <a href=\"https:\/\/webfield.agency\/\" target=\"_blank\" rel=\"noopener\">Elodie Letombe E.I &#8211; Webfield<\/a>, con domicilio social en 65 rue du Mar\u00e9chal Foch en Saint-Andr\u00e9-lez-Lille.<\/p>\n<h2>ACCESO AL SITIO<\/h2>\n<p>El Sitio es normalmente accesible para el Usuario en cualquier momento. Sin embargo, el Editor podr\u00e1, en cualquier momento, suspender, limitar o interrumpir el Sitio para realizar, en particular, actualizaciones o modificaciones de su contenido. El Editor no podr\u00e1 ser considerado responsable en ning\u00fan caso de las posibles consecuencias de esta indisponibilidad en las actividades del Usuario.  <\/p>\n<h2>RECOPILACI\u00d3N DE DATOS<\/h2>\n<p>El Sitio garantiza al Usuario una recopilaci\u00f3n y tratamiento de datos personales que respeta la privacidad de conformidad con la ley n.\u00ba 78-17 de 6 de enero de 1978 relativa a la inform\u00e1tica, archivos y libertades, y respetando la normativa aplicable en materia de tratamiento de datos de car\u00e1cter personal seg\u00fan el reglamento (UE) 2016\/679 del Parlamento Europeo y del Consejo de 27 de abril de 2016 (en adelante, conjuntamente, la &#8220;Normativa aplicable en materia de protecci\u00f3n de Datos de car\u00e1cter personal&#8221;).<\/p>\n<p>En virtud de la Normativa aplicable en materia de protecci\u00f3n de Datos de car\u00e1cter personal, el Usuario dispone de un derecho de acceso, rectificaci\u00f3n, supresi\u00f3n y oposici\u00f3n de sus datos personales. El Usuario puede ejercer este derecho:<br \/>\npor correo electr\u00f3nico a la direcci\u00f3n <a href=\"mailto:contact@mube.fr\" target=\"_blank\" rel=\"noopener\">contact@mube.fr<\/a><br \/>\npor correo postal a 55 rue la Bo\u00e9tie 75008 Par\u00eds;<br \/>\na trav\u00e9s del <a href=\"https:\/\/www.mube.fr\/es\/contacto\/\">formulario de contacto<\/a>; <\/p>\n<p>Cualquier uso, reproducci\u00f3n, difusi\u00f3n, comercializaci\u00f3n, modificaci\u00f3n de todo o parte del Sitio, sin la autorizaci\u00f3n expresa del Editor est\u00e1 prohibida y podr\u00e1 dar lugar a acciones y procedimientos judiciales seg\u00fan lo previsto por la normativa vigente.<\/p>\n<p>Para m\u00e1s informaci\u00f3n, consulte las Condiciones Generales de Uso del sitio <a href=\"https:\/\/www.mube.fr\/es\/\">www.mube.fr<\/a> accesibles desde la secci\u00f3n &#8220;<a href=\"https:\/\/www.mube.fr\/es\/terminos-y-condiciones\/\">CGU<\/a>&#8220;.<br \/>\nPara m\u00e1s informaci\u00f3n sobre la protecci\u00f3n de datos de car\u00e1cter personal, consulte la Pol\u00edtica de protecci\u00f3n de datos de car\u00e1cter personal del sitio <a href=\"https:\/\/www.mube.fr\/es\/\">www.mube.fr<\/a> accesible desde la secci\u00f3n &#8220;<a href=\"https:\/\/www.mube.fr\/es\/declaracion-de-privacidad-ue\/\">Declaraci\u00f3n de privacidad<\/a>&#8220;.<br \/>\nPara m\u00e1s informaci\u00f3n sobre cookies, consulte la Pol\u00edtica de cookies del sitio <a href=\"https:\/\/www.mube.fr\/es\/\">www.mube.fr<\/a> accesible en la secci\u00f3n &#8220;<a href=\"https:\/\/www.mube.fr\/es\/politica-de-cookies-ue\/\">Cookies<\/a>&#8220;.[\/vc_column_text][\/vc_column][\/vc_row]<\/p>\n<\/div>","protected":false},"excerpt":{"rendered":"<p>[vc_row][vc_column width=&#8221;1\/1&#8243;][vc_column_text uncode_shortcode_id=&#8221;487826&#8243;] Aviso Legal En vigor desde el 29-10-2025 De conformidad con las disposiciones de la ley n.\u00ba 2004-575 [&hellip;]<\/p>\n","protected":false},"author":2,"featured_media":0,"parent":0,"menu_order":0,"comment_status":"closed","ping_status":"closed","template":"","meta":{"_seopress_robots_primary_cat":"","_seopress_titles_title":"","_seopress_titles_desc":"","_seopress_robots_index":"","inline_featured_image":false,"footnotes":""},"folder":[],"class_list":["post-161126","page","type-page","status-publish","hentry"],"_links":{"self":[{"href":"https:\/\/www.mube.fr\/es\/wp-json\/wp\/v2\/pages\/161126","targetHints":{"allow":["GET"]}}],"collection":[{"href":"https:\/\/www.mube.fr\/es\/wp-json\/wp\/v2\/pages"}],"about":[{"href":"https:\/\/www.mube.fr\/es\/wp-json\/wp\/v2\/types\/page"}],"author":[{"embeddable":true,"href":"https:\/\/www.mube.fr\/es\/wp-json\/wp\/v2\/users\/2"}],"replies":[{"embeddable":true,"href":"https:\/\/www.mube.fr\/es\/wp-json\/wp\/v2\/comments?post=161126"}],"version-history":[{"count":4,"href":"https:\/\/www.mube.fr\/es\/wp-json\/wp\/v2\/pages\/161126\/revisions"}],"predecessor-version":[{"id":161132,"href":"https:\/\/www.mube.fr\/es\/wp-json\/wp\/v2\/pages\/161126\/revisions\/161132"}],"wp:attachment":[{"href":"https:\/\/www.mube.fr\/es\/wp-json\/wp\/v2\/media?parent=161126"}],"wp:term":[{"taxonomy":"folder","embeddable":true,"href":"https:\/\/www.mube.fr\/es\/wp-json\/wp\/v2\/folder?post=161126"}],"curies":[{"name":"wp","href":"https:\/\/api.w.org\/{rel}","templated":true}]}}